{"id":7118,"date":"2023-09-23T08:58:44","date_gmt":"2023-09-23T15:58:44","guid":{"rendered":"https:\/\/californiachristianuniversity.org\/ccustore\/?post_type=product&#038;p=7118"},"modified":"2023-09-23T09:02:17","modified_gmt":"2023-09-23T16:02:17","slug":"las-dos-bestias-y-la-imagen-de-la-bestia","status":"publish","type":"product","link":"https:\/\/californiachristianuniversity.org\/ccustore\/producto\/las-dos-bestias-y-la-imagen-de-la-bestia\/","title":{"rendered":"Las Dos Bestias y la Imagen de la Bestia"},"content":{"rendered":"<p><img decoding=\"async\" class=\"alignright wp-image-7119\" src=\"https:\/\/californiachristianuniversity.org\/ccustore\/wp-content\/uploads\/2023\/09\/librolasdosbestias3d.png\" alt=\"\" width=\"508\" height=\"508\" srcset=\"https:\/\/californiachristianuniversity.org\/ccustore\/wp-content\/uploads\/2023\/09\/librolasdosbestias3d.png 800w, https:\/\/californiachristianuniversity.org\/ccustore\/wp-content\/uploads\/2023\/09\/librolasdosbestias3d-300x300.png 300w, https:\/\/californiachristianuniversity.org\/ccustore\/wp-content\/uploads\/2023\/09\/librolasdosbestias3d-150x150.png 150w, https:\/\/californiachristianuniversity.org\/ccustore\/wp-content\/uploads\/2023\/09\/librolasdosbestias3d-768x768.png 768w, https:\/\/californiachristianuniversity.org\/ccustore\/wp-content\/uploads\/2023\/09\/librolasdosbestias3d-441x441.png 441w, https:\/\/californiachristianuniversity.org\/ccustore\/wp-content\/uploads\/2023\/09\/librolasdosbestias3d-600x600.png 600w, https:\/\/californiachristianuniversity.org\/ccustore\/wp-content\/uploads\/2023\/09\/librolasdosbestias3d-50x50.png 50w, https:\/\/californiachristianuniversity.org\/ccustore\/wp-content\/uploads\/2023\/09\/librolasdosbestias3d-100x100.png 100w\" sizes=\"(max-width: 508px) 100vw, 508px\" \/>Las Dos Bestias y la Imagen de la Bestia.<\/p>\n<p>En este libro, el autor nos presenta una interpretaci\u00f3n hipot\u00e9tica y concisa de la profec\u00eda apocal\u00edptica conocida como \u00abLas Dos Bestias y La Imagen de La Bestia\u00bb.<\/p>\n<p>El prop\u00f3sito principal de esta obra consiste en comparar la profec\u00eda de \u00ab<em>La Bestia con las siete cabezas<\/em>\u00ab, la \u00ab<em>Segunda Bestia<\/em>\u00bb y la \u00ab<em>Imagen de La Bestia<\/em>\u00bb con los acontecimientos mundiales de las \u00faltimas cinco d\u00e9cadas, abarcando desde 1970 hasta 2023.<\/p>\n<p>Estos eventos est\u00e1n relacionados tanto con el sistema pol\u00edtico global como con los avances en la tecnolog\u00eda de Inteligencia Artificial.<br \/>\nAntes de adentrarnos en esta exploraci\u00f3n, se realiza un breve recorrido hist\u00f3rico del cristianismo, los conceptos del Reino de los Cielos, el Reino de las Tinieblas y el poder de la Cruz.<\/p>\n<p><strong>Jorge Fuentes<\/strong> tiene una amplia experiencia en la ense\u00f1anza de teolog\u00eda b\u00edblica en la <em><strong>California Christian University en Victorville<\/strong><\/em>, California, EE. UU. Complet\u00f3 su grado en Ciencias de la Computaci\u00f3n en Los Angeles Trade-Tecnical College en 1990 y tambi\u00e9n llev\u00f3 a cabo estudios de Teolog\u00eda en el Seminario Teol\u00f3gico de Fuller en Pasadena, California entre 1990 y 1991.<\/p>\n<p>Adem\u00e1s de su compromiso educativo, Jorge Fuentes es el fundador de \u00ab<em>Zion Multimedia Consulting LLC<\/em>\u00ab, una empresa especializada en el desarrollo de Plataformas de Aprendizaje (Learning Management Systems) en\u00a0Estados\u00a0Unidos.<\/p>\n","protected":false},"excerpt":{"rendered":"<p><strong>Las Dos Bestias y la Imagen de la Bestia.<\/strong><\/p>\n<p>En este libro, el autor nos presenta una interpretaci\u00f3n hipot\u00e9tica y concisa de la profec\u00eda apocal\u00edptica conocida como \u00abLas Dos Bestias y La Imagen de La Bestia\u00bb.<\/p>\n<p>El prop\u00f3sito principal de esta obra consiste en comparar la profec\u00eda de \u00ab<em>La Bestia con las siete cabezas<\/em>\u00ab, la \u00ab<em>Segunda Bestia<\/em>\u00bb y la \u00ab<em>Imagen de La Bestia<\/em>\u00bb con los acontecimientos mundiales de las \u00faltimas cinco d\u00e9cadas, abarcando desde 1970 hasta 2023.<\/p>\n","protected":false},"featured_media":7120,"comment_status":"open","ping_status":"closed","template":"","meta":[],"product_cat":[257],"product_tag":[],"class_list":["post-7118","product","type-product","status-publish","has-post-thumbnail","hentry","product_cat-libros"],"tiered_pricing_type":"fixed","tiered_pricing_fixed_rules":[],"tiered_pricing_percentage_rules":[],"tiered_pricing_minimum":1,"_administrator_tiered_pricing_type":"fixed","_administrator_tiered_pricing_fixed_rules":[],"_editor_tiered_pricing_type":"fixed","_editor_tiered_pricing_fixed_rules":[],"_author_tiered_pricing_type":"fixed","_author_tiered_pricing_fixed_rules":[],"_contributor_tiered_pricing_type":"fixed","_contributor_tiered_pricing_fixed_rules":[],"_subscriber_tiered_pricing_type":"fixed","_subscriber_tiered_pricing_fixed_rules":[],"_wpseo_manager_tiered_pricing_type":"fixed","_wpseo_manager_tiered_pricing_fixed_rules":[],"_wpseo_editor_tiered_pricing_type":"fixed","_wpseo_editor_tiered_pricing_fixed_rules":[],"_translator_tiered_pricing_type":"fixed","_translator_tiered_pricing_fixed_rules":[],"_customer_tiered_pricing_type":"fixed","_customer_tiered_pricing_fixed_rules":[],"_shop_manager_tiered_pricing_type":"fixed","_shop_manager_tiered_pricing_fixed_rules":[],"lang":"es","translations":{"es":7118},"yoast_head":"<!-- This site is optimized with the Yoast SEO Premium plugin v15.4 - https:\/\/yoast.com\/wordpress\/plugins\/seo\/ -->\n<title>Las Dos Bestias y la Imagen de la Bestia - OnlineStore Californa Christian University<\/title>\n<meta name=\"robots\" content=\"index, follow, max-snippet:-1, max-image-preview:large, max-video-preview:-1\" \/>\n<link rel=\"canonical\" href=\"https:\/\/californiachristianuniversity.org\/ccustore\/producto\/las-dos-bestias-y-la-imagen-de-la-bestia\/\" \/>\n<meta property=\"og:locale\" content=\"es_ES\" \/>\n<meta property=\"og:type\" content=\"article\" \/>\n<meta property=\"og:title\" content=\"Las Dos Bestias y la Imagen de la Bestia - OnlineStore Californa Christian University\" \/>\n<meta property=\"og:description\" content=\"Las Dos Bestias y la Imagen de la Bestia.  En este libro, el autor nos presenta una interpretaci\u00f3n hipot\u00e9tica y concisa de la profec\u00eda apocal\u00edptica conocida como &quot;Las Dos Bestias y La Imagen de La Bestia&quot;.  El prop\u00f3sito principal de esta obra consiste en comparar la profec\u00eda de &quot;La Bestia con las siete cabezas&quot;, la &quot;Segunda Bestia&quot; y la &quot;Imagen de La Bestia&quot; con los acontecimientos mundiales de las \u00faltimas cinco d\u00e9cadas, abarcando desde 1970 hasta 2023.\" \/>\n<meta property=\"og:url\" content=\"https:\/\/californiachristianuniversity.org\/ccustore\/producto\/las-dos-bestias-y-la-imagen-de-la-bestia\/\" \/>\n<meta property=\"og:site_name\" content=\"OnlineStore Californa Christian University\" \/>\n<meta property=\"article:modified_time\" content=\"2023-09-23T16:02:17+00:00\" \/>\n<meta property=\"og:image\" content=\"https:\/\/californiachristianuniversity.org\/ccustore\/wp-content\/uploads\/2023\/09\/librolasdosbestias.jpg\" \/>\n\t<meta property=\"og:image:width\" content=\"800\" \/>\n\t<meta property=\"og:image:height\" content=\"800\" \/>\n<meta name=\"twitter:card\" content=\"summary_large_image\" \/>\n<meta name=\"twitter:label1\" content=\"Escrito por\">\n\t<meta name=\"twitter:data1\" content=\"administrador\">\n\t<meta name=\"twitter:label2\" content=\"Tiempo de lectura\">\n\t<meta name=\"twitter:data2\" content=\"1 minuto\">\n<script type=\"application\/ld+json\" class=\"yoast-schema-graph\">{\"@context\":\"https:\/\/schema.org\",\"@graph\":[{\"@type\":\"WebSite\",\"@id\":\"https:\/\/californiachristianuniversity.org\/ccustore\/#website\",\"url\":\"https:\/\/californiachristianuniversity.org\/ccustore\/\",\"name\":\"OnlineStore Californa Christian University\",\"description\":\"\",\"potentialAction\":[{\"@type\":\"SearchAction\",\"target\":\"https:\/\/californiachristianuniversity.org\/ccustore\/?s={search_term_string}\",\"query-input\":\"required name=search_term_string\"}],\"inLanguage\":\"es\"},{\"@type\":\"ImageObject\",\"@id\":\"https:\/\/californiachristianuniversity.org\/ccustore\/producto\/las-dos-bestias-y-la-imagen-de-la-bestia\/#primaryimage\",\"inLanguage\":\"es\",\"url\":\"https:\/\/californiachristianuniversity.org\/ccustore\/wp-content\/uploads\/2023\/09\/librolasdosbestias.jpg\",\"width\":800,\"height\":800},{\"@type\":\"WebPage\",\"@id\":\"https:\/\/californiachristianuniversity.org\/ccustore\/producto\/las-dos-bestias-y-la-imagen-de-la-bestia\/#webpage\",\"url\":\"https:\/\/californiachristianuniversity.org\/ccustore\/producto\/las-dos-bestias-y-la-imagen-de-la-bestia\/\",\"name\":\"Las Dos Bestias y la Imagen de la Bestia - OnlineStore Californa Christian University\",\"isPartOf\":{\"@id\":\"https:\/\/californiachristianuniversity.org\/ccustore\/#website\"},\"primaryImageOfPage\":{\"@id\":\"https:\/\/californiachristianuniversity.org\/ccustore\/producto\/las-dos-bestias-y-la-imagen-de-la-bestia\/#primaryimage\"},\"datePublished\":\"2023-09-23T15:58:44+00:00\",\"dateModified\":\"2023-09-23T16:02:17+00:00\",\"inLanguage\":\"es\",\"potentialAction\":[{\"@type\":\"ReadAction\",\"target\":[\"https:\/\/californiachristianuniversity.org\/ccustore\/producto\/las-dos-bestias-y-la-imagen-de-la-bestia\/\"]}]}]}<\/script>\n<!-- \/ Yoast SEO Premium plugin. -->","pll_sync_post":[],"_links":{"self":[{"href":"https:\/\/californiachristianuniversity.org\/ccustore\/wp-json\/wp\/v2\/product\/7118","targetHints":{"allow":["GET"]}}],"collection":[{"href":"https:\/\/californiachristianuniversity.org\/ccustore\/wp-json\/wp\/v2\/product"}],"about":[{"href":"https:\/\/californiachristianuniversity.org\/ccustore\/wp-json\/wp\/v2\/types\/product"}],"replies":[{"embeddable":true,"href":"https:\/\/californiachristianuniversity.org\/ccustore\/wp-json\/wp\/v2\/comments?post=7118"}],"wp:featuredmedia":[{"embeddable":true,"href":"https:\/\/californiachristianuniversity.org\/ccustore\/wp-json\/wp\/v2\/media\/7120"}],"wp:attachment":[{"href":"https:\/\/californiachristianuniversity.org\/ccustore\/wp-json\/wp\/v2\/media?parent=7118"}],"wp:term":[{"taxonomy":"product_cat","embeddable":true,"href":"https:\/\/californiachristianuniversity.org\/ccustore\/wp-json\/wp\/v2\/product_cat?post=7118"},{"taxonomy":"product_tag","embeddable":true,"href":"https:\/\/californiachristianuniversity.org\/ccustore\/wp-json\/wp\/v2\/product_tag?post=7118"}],"curies":[{"name":"wp","href":"https:\/\/api.w.org\/{rel}","templated":true}]}}