{"id":7058,"date":"2021-05-19T13:51:38","date_gmt":"2021-05-19T20:51:38","guid":{"rendered":"https:\/\/californiachristianuniversity.org\/ccustore\/?post_type=product&#038;p=7058"},"modified":"2021-11-01T13:50:50","modified_gmt":"2021-11-01T20:50:50","slug":"el-manual-de-notas-del-discipulo","status":"publish","type":"product","link":"https:\/\/californiachristianuniversity.org\/ccustore\/producto\/el-manual-de-notas-del-discipulo\/","title":{"rendered":"El Manual de Notas del Disc\u00edpulo"},"content":{"rendered":"<p><span class=\"VIiyi\" lang=\"es\"><span class=\"JLqJ4b ChMk0b\" data-language-for-alternatives=\"es\" data-language-to-translate-into=\"en\" data-phrase-index=\"0\">El manual de notas del disc\u00edpulo con el logotipo de la universidad. <\/span><\/span><\/p>\n<p><span class=\"VIiyi\" lang=\"es\"><span class=\"JLqJ4b ChMk0b\" data-language-for-alternatives=\"es\" data-language-to-translate-into=\"en\" data-phrase-index=\"0\">Ideal para escribir contornos de predicaci\u00f3n y estudios b\u00edblicos.<\/span> <\/span><\/p>\n<p><span class=\"VIiyi\" lang=\"es\"><span class=\"JLqJ4b ChMk0b\" data-language-for-alternatives=\"es\" data-language-to-translate-into=\"en\" data-phrase-index=\"2\">Tambi\u00e9n para escribir notas de clase, etc., etc.<\/span> <\/span><\/p>\n<p><span class=\"VIiyi\" lang=\"es\"><span class=\"JLqJ4b ChMk0b\" data-language-for-alternatives=\"es\" data-language-to-translate-into=\"en\" data-phrase-index=\"4\">Disponible en color:<\/span> <\/span><\/p>\n<ul style=\"list-style-type: circle;\">\n<li><span class=\"VIiyi\" lang=\"es\"><span class=\"JLqJ4b ChMk0b\" data-language-for-alternatives=\"es\" data-language-to-translate-into=\"en\" data-phrase-index=\"6\">Negro<\/span> <\/span><\/li>\n<li><span class=\"VIiyi\" lang=\"es\"><span class=\"JLqJ4b ChMk0b\" data-language-for-alternatives=\"es\" data-language-to-translate-into=\"en\" data-phrase-index=\"8\">Azul<\/span> <\/span><\/li>\n<li><span class=\"VIiyi\" lang=\"es\"><span class=\"JLqJ4b ChMk0b\" data-language-for-alternatives=\"es\" data-language-to-translate-into=\"en\" data-phrase-index=\"10\">Caf\u00e9<\/span> <\/span><\/li>\n<\/ul>\n<p><span class=\"VIiyi\" lang=\"es\"><span class=\"JLqJ4b ChMk0b\" data-language-for-alternatives=\"es\" data-language-to-translate-into=\"en\" data-phrase-index=\"12\">Tama\u00f1o: letra (tama\u00f1o de letra 8.5 x 11)<\/span><\/span><\/p>\n","protected":false},"excerpt":{"rendered":"<p><span class=\"VIiyi\" lang=\"es\"><span class=\"JLqJ4b ChMk0b\" data-language-for-alternatives=\"es\" data-language-to-translate-into=\"en\" data-phrase-index=\"0\">El manual de notas del disc\u00edpulo con el logotipo de la universidad. <\/span><\/span><\/p>\n<p><span class=\"VIiyi\" lang=\"es\"><span class=\"JLqJ4b ChMk0b\" data-language-for-alternatives=\"es\" data-language-to-translate-into=\"en\" data-phrase-index=\"0\">Ideal para escribir contornos de predicaci\u00f3n y estudios b\u00edblicos.<\/span> <\/span><\/p>\n<p><span class=\"VIiyi\" lang=\"es\"><span class=\"JLqJ4b ChMk0b\" data-language-for-alternatives=\"es\" data-language-to-translate-into=\"en\" data-phrase-index=\"2\">Tambi\u00e9n para escribir notas de clase, etc., etc.<\/span> <\/span><\/p>\n<p><span class=\"VIiyi\" lang=\"es\"><span class=\"JLqJ4b ChMk0b\" data-language-for-alternatives=\"es\" data-language-to-translate-into=\"en\" data-phrase-index=\"4\">Disponible en color:<\/span> <\/span><\/p>\n<ul>\n<li><span class=\"VIiyi\" lang=\"es\"><span class=\"JLqJ4b ChMk0b\" data-language-for-alternatives=\"es\" data-language-to-translate-into=\"en\" data-phrase-index=\"6\">Negro<\/span> <\/span><\/li>\n<li><span class=\"VIiyi\" lang=\"es\"><span class=\"JLqJ4b ChMk0b\" data-language-for-alternatives=\"es\" data-language-to-translate-into=\"en\" data-phrase-index=\"8\">Azul<\/span> <\/span><\/li>\n<li><span class=\"VIiyi\" lang=\"es\"><span class=\"JLqJ4b ChMk0b\" data-language-for-alternatives=\"es\" data-language-to-translate-into=\"en\" data-phrase-index=\"10\">Caf\u00e9<\/span> <\/span><\/li>\n<\/ul>\n<p><span class=\"VIiyi\" lang=\"es\"><span class=\"JLqJ4b ChMk0b\" data-language-for-alternatives=\"es\" data-language-to-translate-into=\"en\" data-phrase-index=\"12\">Tama\u00f1o: letra (tama\u00f1o de letra 8.5 x 11)<\/span><\/span><\/p>\n","protected":false},"featured_media":6975,"comment_status":"open","ping_status":"closed","template":"","meta":[],"product_cat":[54,247],"product_tag":[],"class_list":["post-7058","product","type-product","status-publish","has-post-thumbnail","hentry","product_cat-accesorios","product_cat-agenda","wvs-archive-product-wrapper"],"tiered_pricing_type":"fixed","tiered_pricing_fixed_rules":[],"tiered_pricing_percentage_rules":[],"tiered_pricing_minimum":1,"_administrator_tiered_pricing_type":"fixed","_administrator_tiered_pricing_fixed_rules":[],"_editor_tiered_pricing_type":"fixed","_editor_tiered_pricing_fixed_rules":[],"_author_tiered_pricing_type":"fixed","_author_tiered_pricing_fixed_rules":[],"_contributor_tiered_pricing_type":"fixed","_contributor_tiered_pricing_fixed_rules":[],"_subscriber_tiered_pricing_type":"fixed","_subscriber_tiered_pricing_fixed_rules":[],"_wpseo_manager_tiered_pricing_type":"fixed","_wpseo_manager_tiered_pricing_fixed_rules":[],"_wpseo_editor_tiered_pricing_type":"fixed","_wpseo_editor_tiered_pricing_fixed_rules":[],"_translator_tiered_pricing_type":"fixed","_translator_tiered_pricing_fixed_rules":[],"_customer_tiered_pricing_type":"fixed","_customer_tiered_pricing_fixed_rules":[],"_shop_manager_tiered_pricing_type":"fixed","_shop_manager_tiered_pricing_fixed_rules":[],"lang":"es","translations":{"es":7058},"yoast_head":"<!-- This site is optimized with the Yoast SEO Premium plugin v15.4 - https:\/\/yoast.com\/wordpress\/plugins\/seo\/ -->\n<title>El Manual de Notas del Disc\u00edpulo - OnlineStore Californa Christian University<\/title>\n<meta name=\"robots\" content=\"index, follow, max-snippet:-1, max-image-preview:large, max-video-preview:-1\" \/>\n<link rel=\"canonical\" href=\"https:\/\/californiachristianuniversity.org\/ccustore\/producto\/el-manual-de-notas-del-discipulo\/\" \/>\n<meta property=\"og:locale\" content=\"es_ES\" \/>\n<meta property=\"og:type\" content=\"article\" \/>\n<meta property=\"og:title\" content=\"El Manual de Notas del Disc\u00edpulo - OnlineStore Californa Christian University\" \/>\n<meta property=\"og:description\" content=\"El manual de notas del disc\u00edpulo con el logotipo de la universidad.   Ideal para escribir contornos de predicaci\u00f3n y estudios b\u00edblicos.   Tambi\u00e9n para escribir notas de clase, etc., etc.   Disponible en color:    Negro   Azul   Caf\u00e9   Tama\u00f1o: letra (tama\u00f1o de letra 8.5 x 11)\" \/>\n<meta property=\"og:url\" content=\"https:\/\/californiachristianuniversity.org\/ccustore\/producto\/el-manual-de-notas-del-discipulo\/\" \/>\n<meta property=\"og:site_name\" content=\"OnlineStore Californa Christian University\" \/>\n<meta property=\"article:modified_time\" content=\"2021-11-01T20:50:50+00:00\" \/>\n<meta property=\"og:image\" content=\"https:\/\/californiachristianuniversity.org\/ccustore\/wp-content\/uploads\/2021\/04\/notebookdiscipule2.jpg\" \/>\n\t<meta property=\"og:image:width\" content=\"800\" \/>\n\t<meta property=\"og:image:height\" content=\"800\" \/>\n<meta name=\"twitter:card\" content=\"summary_large_image\" \/>\n<meta name=\"twitter:label1\" content=\"Escrito por\">\n\t<meta name=\"twitter:data1\" content=\"administrador\">\n\t<meta name=\"twitter:label2\" content=\"Tiempo de lectura\">\n\t<meta name=\"twitter:data2\" content=\"0 minutos\">\n<script type=\"application\/ld+json\" class=\"yoast-schema-graph\">{\"@context\":\"https:\/\/schema.org\",\"@graph\":[{\"@type\":\"WebSite\",\"@id\":\"https:\/\/californiachristianuniversity.org\/ccustore\/#website\",\"url\":\"https:\/\/californiachristianuniversity.org\/ccustore\/\",\"name\":\"OnlineStore Californa Christian University\",\"description\":\"\",\"potentialAction\":[{\"@type\":\"SearchAction\",\"target\":\"https:\/\/californiachristianuniversity.org\/ccustore\/?s={search_term_string}\",\"query-input\":\"required name=search_term_string\"}],\"inLanguage\":\"es\"},{\"@type\":\"ImageObject\",\"@id\":\"https:\/\/californiachristianuniversity.org\/ccustore\/producto\/el-manual-de-notas-del-discipulo\/#primaryimage\",\"inLanguage\":\"es\",\"url\":\"https:\/\/californiachristianuniversity.org\/ccustore\/wp-content\/uploads\/2021\/04\/notebookdiscipule2.jpg\",\"width\":800,\"height\":800},{\"@type\":\"WebPage\",\"@id\":\"https:\/\/californiachristianuniversity.org\/ccustore\/producto\/el-manual-de-notas-del-discipulo\/#webpage\",\"url\":\"https:\/\/californiachristianuniversity.org\/ccustore\/producto\/el-manual-de-notas-del-discipulo\/\",\"name\":\"El Manual de Notas del Disc\\u00edpulo - OnlineStore Californa Christian University\",\"isPartOf\":{\"@id\":\"https:\/\/californiachristianuniversity.org\/ccustore\/#website\"},\"primaryImageOfPage\":{\"@id\":\"https:\/\/californiachristianuniversity.org\/ccustore\/producto\/el-manual-de-notas-del-discipulo\/#primaryimage\"},\"datePublished\":\"2021-05-19T20:51:38+00:00\",\"dateModified\":\"2021-11-01T20:50:50+00:00\",\"inLanguage\":\"es\",\"potentialAction\":[{\"@type\":\"ReadAction\",\"target\":[\"https:\/\/californiachristianuniversity.org\/ccustore\/producto\/el-manual-de-notas-del-discipulo\/\"]}]}]}<\/script>\n<!-- \/ Yoast SEO Premium plugin. -->","pll_sync_post":[],"_links":{"self":[{"href":"https:\/\/californiachristianuniversity.org\/ccustore\/wp-json\/wp\/v2\/product\/7058","targetHints":{"allow":["GET"]}}],"collection":[{"href":"https:\/\/californiachristianuniversity.org\/ccustore\/wp-json\/wp\/v2\/product"}],"about":[{"href":"https:\/\/californiachristianuniversity.org\/ccustore\/wp-json\/wp\/v2\/types\/product"}],"replies":[{"embeddable":true,"href":"https:\/\/californiachristianuniversity.org\/ccustore\/wp-json\/wp\/v2\/comments?post=7058"}],"wp:featuredmedia":[{"embeddable":true,"href":"https:\/\/californiachristianuniversity.org\/ccustore\/wp-json\/wp\/v2\/media\/6975"}],"wp:attachment":[{"href":"https:\/\/californiachristianuniversity.org\/ccustore\/wp-json\/wp\/v2\/media?parent=7058"}],"wp:term":[{"taxonomy":"product_cat","embeddable":true,"href":"https:\/\/californiachristianuniversity.org\/ccustore\/wp-json\/wp\/v2\/product_cat?post=7058"},{"taxonomy":"product_tag","embeddable":true,"href":"https:\/\/californiachristianuniversity.org\/ccustore\/wp-json\/wp\/v2\/product_tag?post=7058"}],"curies":[{"name":"wp","href":"https:\/\/api.w.org\/{rel}","templated":true}]}}