{"id":6691,"date":"2021-01-16T08:44:07","date_gmt":"2021-01-16T16:44:07","guid":{"rendered":"https:\/\/californiachristianuniversity.org\/ccustore\/producto\/import-placeholder-for-3449\/"},"modified":"2021-11-01T15:37:07","modified_gmt":"2021-11-01T22:37:07","slug":"mascarilla-facial-lavable-y-reusable","status":"publish","type":"product","link":"https:\/\/californiachristianuniversity.org\/ccustore\/producto\/mascarilla-facial-lavable-y-reusable\/","title":{"rendered":"Mascarilla Facial Lavable y reusable"},"content":{"rendered":"<ul>\n<li>M\u00e1scara facial de tela se puede llevar en cualquier \u00e1rea al aire libre y p\u00fablica.<\/li>\n<li>La m\u00e1scara de tela suave est\u00e1 hecha de alta calidad para sujetar la nariz y la m\u00e1scara de boca c\u00f3modamente y de forma segura en su lugar.<\/li>\n<li>Las m\u00e1scaras es lavable y reutilizable \u2013 nunca m\u00e1s se quede atrapado sin una m\u00e1scara facial de nuevo.<\/li>\n<\/ul>\n","protected":false},"excerpt":{"rendered":"<ul>\n<li>M\u00e1scara facial de tela se puede llevar en cualquier \u00e1rea al aire libre y p\u00fablica.<\/li>\n<li>La m\u00e1scara de tela suave est\u00e1 hecha de alta calidad para sujetar la nariz y la m\u00e1scara de boca c\u00f3modamente y de forma segura en su lugar.<\/li>\n<li>Las m\u00e1scaras es lavable y reutilizable \u2013 nunca m\u00e1s se quede atrapado sin una m\u00e1scara facial de nuevo.<\/li>\n<\/ul>\n","protected":false},"featured_media":6703,"comment_status":"closed","ping_status":"closed","template":"","meta":[],"product_cat":[129],"product_tag":[],"class_list":["post-6691","product","type-product","status-publish","has-post-thumbnail","hentry","product_cat-mascarillas","product_shipping_class-envio-gratuito","pa_temas-mascarillas-cristo-viene-pronto","pa_temas-mascarillas-dios-te-ama","pa_temas-mascarillas-esperanza","pa_temas-mascarillas-fortaleza","wvs-archive-product-wrapper"],"tiered_pricing_type":"fixed","tiered_pricing_fixed_rules":[],"tiered_pricing_percentage_rules":[],"tiered_pricing_minimum":1,"_administrator_tiered_pricing_type":"fixed","_administrator_tiered_pricing_fixed_rules":[],"_editor_tiered_pricing_type":"fixed","_editor_tiered_pricing_fixed_rules":[],"_author_tiered_pricing_type":"fixed","_author_tiered_pricing_fixed_rules":[],"_contributor_tiered_pricing_type":"fixed","_contributor_tiered_pricing_fixed_rules":[],"_subscriber_tiered_pricing_type":"fixed","_subscriber_tiered_pricing_fixed_rules":[],"_wpseo_manager_tiered_pricing_type":"fixed","_wpseo_manager_tiered_pricing_fixed_rules":[],"_wpseo_editor_tiered_pricing_type":"fixed","_wpseo_editor_tiered_pricing_fixed_rules":[],"_translator_tiered_pricing_type":"fixed","_translator_tiered_pricing_fixed_rules":[],"_customer_tiered_pricing_type":"fixed","_customer_tiered_pricing_fixed_rules":[],"_shop_manager_tiered_pricing_type":"fixed","_shop_manager_tiered_pricing_fixed_rules":[],"lang":"es","translations":{"es":6691},"yoast_head":"<!-- This site is optimized with the Yoast SEO Premium plugin v15.4 - https:\/\/yoast.com\/wordpress\/plugins\/seo\/ -->\n<title>Mascarilla Facial Lavable y reusable - OnlineStore Californa Christian University<\/title>\n<meta name=\"robots\" content=\"index, follow, max-snippet:-1, max-image-preview:large, max-video-preview:-1\" \/>\n<link rel=\"canonical\" href=\"https:\/\/californiachristianuniversity.org\/ccustore\/producto\/mascarilla-facial-lavable-y-reusable\/\" \/>\n<meta property=\"og:locale\" content=\"es_ES\" \/>\n<meta property=\"og:type\" content=\"article\" \/>\n<meta property=\"og:title\" content=\"Mascarilla Facial Lavable y reusable - OnlineStore Californa Christian University\" \/>\n<meta property=\"og:description\" content=\"M\u00e1scara facial de tela se puede llevar en cualquier \u00e1rea al aire libre y p\u00fablica.  La m\u00e1scara de tela suave est\u00e1 hecha de alta calidad para sujetar la nariz y la m\u00e1scara de boca c\u00f3modamente y de forma segura en su lugar.  Las m\u00e1scaras es lavable y reutilizable \u2013 nunca m\u00e1s se quede atrapado sin una m\u00e1scara facial de nuevo.\" \/>\n<meta property=\"og:url\" content=\"https:\/\/californiachristianuniversity.org\/ccustore\/producto\/mascarilla-facial-lavable-y-reusable\/\" \/>\n<meta property=\"og:site_name\" content=\"OnlineStore Californa Christian University\" \/>\n<meta property=\"article:modified_time\" content=\"2021-11-01T22:37:07+00:00\" \/>\n<meta property=\"og:image\" content=\"https:\/\/californiachristianuniversity.org\/ccustore\/wp-content\/uploads\/2021\/01\/mascarillafacialcaliforn.jpg\" \/>\n\t<meta property=\"og:image:width\" content=\"800\" \/>\n\t<meta property=\"og:image:height\" content=\"800\" \/>\n<meta name=\"twitter:card\" content=\"summary_large_image\" \/>\n<meta name=\"twitter:label1\" content=\"Escrito por\">\n\t<meta name=\"twitter:data1\" content=\"administrador\">\n\t<meta name=\"twitter:label2\" content=\"Tiempo de lectura\">\n\t<meta name=\"twitter:data2\" content=\"0 minutos\">\n<script type=\"application\/ld+json\" class=\"yoast-schema-graph\">{\"@context\":\"https:\/\/schema.org\",\"@graph\":[{\"@type\":\"WebSite\",\"@id\":\"https:\/\/californiachristianuniversity.org\/ccustore\/#website\",\"url\":\"https:\/\/californiachristianuniversity.org\/ccustore\/\",\"name\":\"OnlineStore Californa Christian University\",\"description\":\"\",\"potentialAction\":[{\"@type\":\"SearchAction\",\"target\":\"https:\/\/californiachristianuniversity.org\/ccustore\/?s={search_term_string}\",\"query-input\":\"required name=search_term_string\"}],\"inLanguage\":\"es\"},{\"@type\":\"ImageObject\",\"@id\":\"https:\/\/californiachristianuniversity.org\/ccustore\/producto\/mascarilla-facial-lavable-y-reusable\/#primaryimage\",\"inLanguage\":\"es\",\"url\":\"https:\/\/californiachristianuniversity.org\/ccustore\/wp-content\/uploads\/2021\/01\/mascarillafacialcaliforn.jpg\",\"width\":800,\"height\":800},{\"@type\":\"WebPage\",\"@id\":\"https:\/\/californiachristianuniversity.org\/ccustore\/producto\/mascarilla-facial-lavable-y-reusable\/#webpage\",\"url\":\"https:\/\/californiachristianuniversity.org\/ccustore\/producto\/mascarilla-facial-lavable-y-reusable\/\",\"name\":\"Mascarilla Facial Lavable y reusable - OnlineStore Californa Christian University\",\"isPartOf\":{\"@id\":\"https:\/\/californiachristianuniversity.org\/ccustore\/#website\"},\"primaryImageOfPage\":{\"@id\":\"https:\/\/californiachristianuniversity.org\/ccustore\/producto\/mascarilla-facial-lavable-y-reusable\/#primaryimage\"},\"datePublished\":\"2021-01-16T16:44:07+00:00\",\"dateModified\":\"2021-11-01T22:37:07+00:00\",\"inLanguage\":\"es\",\"potentialAction\":[{\"@type\":\"ReadAction\",\"target\":[\"https:\/\/californiachristianuniversity.org\/ccustore\/producto\/mascarilla-facial-lavable-y-reusable\/\"]}]}]}<\/script>\n<!-- \/ Yoast SEO Premium plugin. -->","pll_sync_post":[],"_links":{"self":[{"href":"https:\/\/californiachristianuniversity.org\/ccustore\/wp-json\/wp\/v2\/product\/6691","targetHints":{"allow":["GET"]}}],"collection":[{"href":"https:\/\/californiachristianuniversity.org\/ccustore\/wp-json\/wp\/v2\/product"}],"about":[{"href":"https:\/\/californiachristianuniversity.org\/ccustore\/wp-json\/wp\/v2\/types\/product"}],"replies":[{"embeddable":true,"href":"https:\/\/californiachristianuniversity.org\/ccustore\/wp-json\/wp\/v2\/comments?post=6691"}],"wp:featuredmedia":[{"embeddable":true,"href":"https:\/\/californiachristianuniversity.org\/ccustore\/wp-json\/wp\/v2\/media\/6703"}],"wp:attachment":[{"href":"https:\/\/californiachristianuniversity.org\/ccustore\/wp-json\/wp\/v2\/media?parent=6691"}],"wp:term":[{"taxonomy":"product_cat","embeddable":true,"href":"https:\/\/californiachristianuniversity.org\/ccustore\/wp-json\/wp\/v2\/product_cat?post=6691"},{"taxonomy":"product_tag","embeddable":true,"href":"https:\/\/californiachristianuniversity.org\/ccustore\/wp-json\/wp\/v2\/product_tag?post=6691"}],"curies":[{"name":"wp","href":"https:\/\/api.w.org\/{rel}","templated":true}]}}